{"id":50,"date":"2020-10-14T12:29:30","date_gmt":"2020-10-14T10:29:30","guid":{"rendered":"http:\/\/dreamup-design.pl\/?page_id=50"},"modified":"2023-11-12T14:11:55","modified_gmt":"2023-11-12T13:11:55","slug":"o-nas-2","status":"publish","type":"page","link":"https:\/\/dreamup-design.pl\/index.php\/o-nas-2\/","title":{"rendered":"o nas"},"content":{"rendered":"\n<p><strong>Dreamup Design<\/strong> to pracownia opieraj\u0105ca swoje projekty na do\u015bwiadczeniu nabytym przez lata. Dobra komunikacja przy wsp\u00f3\u0142pracy z klientem jest dla nas priorytetem. Staramy si\u0119 sprosta\u0107 wszelkim wymaganiom stawianym przez inwestora i nakierowa\u0107 na odpowiedni tor na etapie projektowym, aby stworzy\u0107 projekt spe\u0142niaj\u0105cy wszelkie oczekiwania. <\/p>\n\n\n\n<div class=\"wp-block-group is-layout-flow wp-block-group-is-layout-flow\"><div class=\"wp-block-group__inner-container\">\n<div class=\"wp-block-columns is-layout-flex wp-container-core-columns-layout-1 wp-block-columns-is-layout-flex\">\n<div class=\"wp-block-column is-layout-flow wp-block-column-is-layout-flow\"><div class=\"wp-block-image\">\n<figure class=\"aligncenter size-large is-resized\"><img loading=\"lazy\" decoding=\"async\" width=\"1024\" height=\"1024\" src=\"https:\/\/dreamup-design.pl\/wp-content\/uploads\/2023\/11\/395989086_10229126981991688_4386389478499250832_n-1024x1024.jpg\" alt=\"\" class=\"wp-image-900\" style=\"width:374px;height:auto\" srcset=\"https:\/\/dreamup-design.pl\/wp-content\/uploads\/2023\/11\/395989086_10229126981991688_4386389478499250832_n-1024x1024.jpg 1024w, https:\/\/dreamup-design.pl\/wp-content\/uploads\/2023\/11\/395989086_10229126981991688_4386389478499250832_n-300x300.jpg 300w, https:\/\/dreamup-design.pl\/wp-content\/uploads\/2023\/11\/395989086_10229126981991688_4386389478499250832_n-150x150.jpg 150w, https:\/\/dreamup-design.pl\/wp-content\/uploads\/2023\/11\/395989086_10229126981991688_4386389478499250832_n-768x768.jpg 768w, https:\/\/dreamup-design.pl\/wp-content\/uploads\/2023\/11\/395989086_10229126981991688_4386389478499250832_n-500x500.jpg 500w, https:\/\/dreamup-design.pl\/wp-content\/uploads\/2023\/11\/395989086_10229126981991688_4386389478499250832_n-800x800.jpg 800w, https:\/\/dreamup-design.pl\/wp-content\/uploads\/2023\/11\/395989086_10229126981991688_4386389478499250832_n-1280x1280.jpg 1280w, https:\/\/dreamup-design.pl\/wp-content\/uploads\/2023\/11\/395989086_10229126981991688_4386389478499250832_n-1536x1536.jpg 1536w, https:\/\/dreamup-design.pl\/wp-content\/uploads\/2023\/11\/395989086_10229126981991688_4386389478499250832_n.jpg 1690w\" sizes=\"(max-width: 1024px) 100vw, 1024px\" \/><figcaption class=\"wp-element-caption\">mgr in\u017c. arch. <strong>Cezary Myszak<\/strong><\/figcaption><\/figure><\/div>\n\n\n<p class=\"has-text-align-left\">Za\u0142o\u017cyciel, a zarazem g\u0142\u00f3wny architekt. Absolwent Politechniki Lubelskiej na wydziale Architektury. Swoje do\u015bwiadczenie naby\u0142 podczas pracy w licznych biurach architektonicznych dzia\u0142aj\u0105cych na terenie lubelszczyzny oraz mazowsza. Tw\u00f3rca takich miejsc jak Klub Molo, Za rogiem, Stars Disco Club, Per\u0142a Marina, Coffee Factory. Na swoim koncie ma ponad 80 zrealizowanych projekt\u00f3w wn\u0119trz.<\/p>\n<\/div>\n<\/div>\n<\/div><\/div>\n\n\n\n<div class=\"wp-block-columns is-layout-flex wp-container-core-columns-layout-2 wp-block-columns-is-layout-flex\">\n<div class=\"wp-block-column is-layout-flow wp-block-column-is-layout-flow\" style=\"flex-basis:33.33%\"><\/div>\n<\/div>\n\n\n\n<p><\/p>\n","protected":false},"excerpt":{"rendered":"<p>Dreamup Design to pracownia opieraj\u0105ca swoje projekty na do\u015bwiadczeniu nabytym przez lata. Dobra komunikacja przy wsp\u00f3\u0142pracy z klientem jest dla nas priorytetem. Staramy si\u0119 sprosta\u0107 wszelkim wymaganiom stawianym przez inwestora i nakierowa\u0107 na odpowiedni tor na etapie projektowym, aby stworzy\u0107 projekt spe\u0142niaj\u0105cy wszelkie oczekiwania. Za\u0142o\u017cyciel, a zarazem g\u0142\u00f3wny architekt. Absolwent Politechniki Lubelskiej na wydziale Architektury. [&hellip;]<\/p>\n","protected":false},"author":1,"featured_media":93,"parent":0,"menu_order":0,"comment_status":"closed","ping_status":"closed","template":"","meta":{"om_disable_all_campaigns":false,"_monsterinsights_skip_tracking":false,"_monsterinsights_sitenote_active":false,"_monsterinsights_sitenote_note":"","_monsterinsights_sitenote_category":0,"footnotes":"","_vp_format_video_url":"","_vp_image_focal_point":[]},"aioseo_notices":[],"_links":{"self":[{"href":"https:\/\/dreamup-design.pl\/index.php\/wp-json\/wp\/v2\/pages\/50"}],"collection":[{"href":"https:\/\/dreamup-design.pl\/index.php\/wp-json\/wp\/v2\/pages"}],"about":[{"href":"https:\/\/dreamup-design.pl\/index.php\/wp-json\/wp\/v2\/types\/page"}],"author":[{"embeddable":true,"href":"https:\/\/dreamup-design.pl\/index.php\/wp-json\/wp\/v2\/users\/1"}],"replies":[{"embeddable":true,"href":"https:\/\/dreamup-design.pl\/index.php\/wp-json\/wp\/v2\/comments?post=50"}],"version-history":[{"count":9,"href":"https:\/\/dreamup-design.pl\/index.php\/wp-json\/wp\/v2\/pages\/50\/revisions"}],"predecessor-version":[{"id":901,"href":"https:\/\/dreamup-design.pl\/index.php\/wp-json\/wp\/v2\/pages\/50\/revisions\/901"}],"wp:featuredmedia":[{"embeddable":true,"href":"https:\/\/dreamup-design.pl\/index.php\/wp-json\/wp\/v2\/media\/93"}],"wp:attachment":[{"href":"https:\/\/dreamup-design.pl\/index.php\/wp-json\/wp\/v2\/media?parent=50"}],"curies":[{"name":"wp","href":"https:\/\/api.w.org\/{rel}","templated":true}]}}